{"id":2,"date":"2015-06-23T02:52:55","date_gmt":"2015-06-23T02:52:55","guid":{"rendered":"https:\/\/www.milab-it.com.ar\/?page_id=2"},"modified":"2018-08-31T22:35:09","modified_gmt":"2018-08-31T22:35:09","slug":"pagina-ejemplo","status":"publish","type":"page","link":"https:\/\/www.milab-it.com.ar\/?page_id=2","title":{"rendered":"P\u00e1gina de ejemplo"},"content":{"rendered":"<h3><strong>Mantenimiento Inform\u00e1tico para empresas<\/strong><\/h3>\n<p>Nuestros productos y servicios inform\u00e1ticos, especialmente dirigidos a PyMES, est\u00e1n basados en la\u00a0agilidad\u00a0en la atenci\u00f3n a los usuarios inform\u00e1ticos de nuestros clientes, la personalizaci\u00f3n de los niveles de servicios seg\u00fan los requisitos de cada uno de ellos, y un fuerte compromiso con\u00a0la calidad de servicio prestada. Nuestro reto es conseguir los m\u00e1s altos niveles de\u00a0satisfacci\u00f3n\u00a0bas\u00e1ndonos en una metodolog\u00eda exigente de trabajo y organizaci\u00f3n, en nuestro sistema de gesti\u00f3n de incidentes y a nuestro equipo de t\u00e9cnicos y consultores, todos ellos con amplia y demostrada experiencia.<\/p>\n<p>&nbsp;<\/p>\n<p>&nbsp;<\/p>\n<p>Servicios dirigidos a cualquier empresa, independientemente de su tama\u00f1o organizativo y\/o su nivel de facturaci\u00f3n, con\u00a0<strong>precios competitivos<\/strong>,\u00a0incluyendo facilidades para la\u00a0<strong>personalizaci\u00f3n del servicio de mantenimiento inform\u00e1tico contratado (nivel de servicio, objetivos de resoluci\u00f3n, implicaci\u00f3n horario de soporte, t\u00e9cnicos inform\u00e1ticos presenciales,\u00a0<\/strong>integraci\u00f3n y coordinaci\u00f3n con personal TI interno de la empresa, etc.<strong>)<\/strong>,\u00a0as\u00ed como otras\u00a0necesidades de cada cliente pueda requerir.<\/p>\n<p>Nuestros contratos est\u00e1n basados en asistencias t\u00e9cnicas inform\u00e1ticas ilimitadas con cuotas fijas mensuales de facturaci\u00f3n a nuestros clientes. Contacte con nuestro departamento comercial, y le haremos llegar una propuesta de contrato de servicios de mantenimiento inform\u00e1tico, ajustada a sus necesidades, sin ning\u00fan compromiso.<\/p>\n<h3>Asistencia ilimitada<\/h3>\n<p>Las tareas y responsabilidades del soporte inform\u00e1tico\u00a0incluyen atenci\u00f3n t\u00e9cnica, tanto remota como presencial, sin l\u00edmite de horas, sobre la modalidad de un contrato de mantenimiento inform\u00e1tico con un importe de facturaci\u00f3n basado en una cuota fija mensual.<\/p>\n<p>Help Desk especializado<\/p>\n<p>Detr\u00e1s de nuestro servicio de\u00a0<strong>mantenimiento inform\u00e1tico<\/strong>\u00a0se encuentra un grupo de t\u00e9cnicos inform\u00e1ticos especializados en asistencia remota para una mayor rapidez ante incidencias.<\/p>\n<p>&nbsp;<\/p>\n<p>&nbsp;<\/p>\n<h3>Alta orientaci\u00f3n al cliente<\/h3>\n<p>Nuestra estructura organizativa est\u00e1 condicionada por nuestra gran\u00a0<strong>experiencia y conocimiento<\/strong>\u00a0para ofrecer servicios TI gracias a nuestros equipos de: calidad y organizaci\u00f3n, help desk, soporte, sistemas y seguridad.<\/p>\n<p>&nbsp;<\/p>\n<h3>Alguno de nuestros servicios<\/h3>\n<p>&nbsp;<\/p>\n<ul>\n<li>Mantenimiento PC, Notebook, redes, tablets, smartphones&#8230;<\/li>\n<li>Asistencia remota y presencial sin costes de desplazamiento<\/li>\n<li>Gesti\u00f3n de servidores y redes de comunicaci\u00f3n<\/li>\n<li>Revisi\u00f3n inicial e informe t\u00e9cnico de evaluaci\u00f3n Inform\u00e1tica<\/li>\n<li>Tareas y operaciones preventivas<\/li>\n<li>Copias de seguridad de datos<\/li>\n<li>Configuraci\u00f3n, seguimiento y monitorizaci\u00f3n de copias de seguridad<\/li>\n<li>Limpieza de virus e instalaci\u00f3n de antivirus, antispam, antiransomware<\/li>\n<li>Configuraci\u00f3n de accesos a Internet: ADSL, SHDSL, Fibra \u00f3ptica<\/li>\n<li>Equipos de sustituci\u00f3n<\/li>\n<li>Soporte a Correo electr\u00f3nico<\/li>\n<li>Soporte a uso de m\u00f3viles y smartphones<\/li>\n<\/ul>\n","protected":false},"excerpt":{"rendered":"<p>Mantenimiento Inform\u00e1tico para empresas Nuestros productos y servicios inform\u00e1ticos, especialmente dirigidos a PyMES, est\u00e1n basados en la\u00a0agilidad\u00a0en la atenci\u00f3n a los usuarios inform\u00e1ticos de nuestros clientes, la personalizaci\u00f3n de los niveles de servicios seg\u00fan los requisitos de cada uno de ellos, y un fuerte compromiso con\u00a0la calidad de servicio prestada. Nuestro reto es conseguir los&hellip;<\/p>\n<p class=\"more-link\"><a href=\"https:\/\/www.milab-it.com.ar\/?page_id=2\" class=\"themebutton2\">Leer m\u00e1s<\/a><\/p>\n","protected":false},"author":2,"featured_media":0,"parent":0,"menu_order":0,"comment_status":"open","ping_status":"closed","template":"","meta":{"footnotes":""},"class_list":["post-2","page","type-page","status-publish","hentry"],"_links":{"self":[{"href":"https:\/\/www.milab-it.com.ar\/index.php?rest_route=\/wp\/v2\/pages\/2"}],"collection":[{"href":"https:\/\/www.milab-it.com.ar\/index.php?rest_route=\/wp\/v2\/pages"}],"about":[{"href":"https:\/\/www.milab-it.com.ar\/index.php?rest_route=\/wp\/v2\/types\/page"}],"author":[{"embeddable":true,"href":"https:\/\/www.milab-it.com.ar\/index.php?rest_route=\/wp\/v2\/users\/2"}],"replies":[{"embeddable":true,"href":"https:\/\/www.milab-it.com.ar\/index.php?rest_route=%2Fwp%2Fv2%2Fcomments&post=2"}],"version-history":[{"count":3,"href":"https:\/\/www.milab-it.com.ar\/index.php?rest_route=\/wp\/v2\/pages\/2\/revisions"}],"predecessor-version":[{"id":10,"href":"https:\/\/www.milab-it.com.ar\/index.php?rest_route=\/wp\/v2\/pages\/2\/revisions\/10"}],"wp:attachment":[{"href":"https:\/\/www.milab-it.com.ar\/index.php?rest_route=%2Fwp%2Fv2%2Fmedia&parent=2"}],"curies":[{"name":"wp","href":"https:\/\/api.w.org\/{rel}","templated":true}]}}